{"id":53,"date":"2025-08-07T12:55:14","date_gmt":"2025-08-07T12:55:14","guid":{"rendered":"https:\/\/niagegarage.es\/?page_id=53"},"modified":"2025-09-29T10:02:48","modified_gmt":"2025-09-29T10:02:48","slug":"about-us","status":"publish","type":"page","link":"https:\/\/niagegarage.es\/en\/about-us\/","title":{"rendered":"About us"},"content":{"rendered":"<div data-elementor-type=\"wp-page\" data-elementor-id=\"53\" class=\"elementor elementor-53\" data-elementor-post-type=\"page\">\n\t\t\t\t<div class=\"elementor-element elementor-element-46eda21 e-flex e-con-boxed e-con e-parent\" data-id=\"46eda21\" data-element_type=\"container\" data-settings=\"{&quot;background_background&quot;:&quot;classic&quot;}\">\n\t\t\t\t\t<div class=\"e-con-inner\">\n\t\t\t\t\t<\/div>\n\t\t\t\t<\/div>\n\t\t<div class=\"elementor-element elementor-element-182c772 e-flex e-con-boxed e-con e-parent\" data-id=\"182c772\" data-element_type=\"container\" data-settings=\"{&quot;background_background&quot;:&quot;classic&quot;}\">\n\t\t\t\t\t<div class=\"e-con-inner\">\n\t\t<div class=\"elementor-element elementor-element-bd68914 e-con-full e-flex e-con e-child\" data-id=\"bd68914\" data-element_type=\"container\" data-settings=\"{&quot;background_background&quot;:&quot;classic&quot;}\">\n\t\t\t\t<\/div>\n\t\t<div class=\"elementor-element elementor-element-576219e e-con-full e-flex e-con e-child\" data-id=\"576219e\" data-element_type=\"container\">\n\t\t\t\t<div class=\"elementor-element elementor-element-4772a95 elementor-widget elementor-widget-heading\" data-id=\"4772a95\" data-element_type=\"widget\" data-widget_type=\"heading.default\">\n\t\t\t\t\t<h2 class=\"elementor-heading-title elementor-size-default\">This is not a <span style=\"color: #FFF\"> story<\/span>.<br>  It's a <span style=\"color: #FFF\"> manifesto.<\/span><\/h2>\t\t\t\t<\/div>\n\t\t\t\t<div class=\"elementor-element elementor-element-c2c97da elementor-widget elementor-widget-text-editor\" data-id=\"c2c97da\" data-element_type=\"widget\" data-widget_type=\"text-editor.default\">\n\t\t\t\t\t\t\t\t\t<p>In the heart of Malaga, <strong>Niage Garage<\/strong> is much more than just a workspace: it is a <strong>living ecosystem<\/strong> where innovation, creativity and technology connect to drive new ways of thinking, creating and collaborating.<\/p><p>Driven by Niage, it is born as a <strong>hybrid and purposeful space<\/strong>designed for professionals, companies and communities seeking to transform their environment and grow in an authentic way.<\/p><p>Here you will find not only a place to work -our <strong>co-office<\/strong>- but an experience that combines <strong>business transformation, contemporary art and lifelong learning<\/strong> in a flexible, collaborative and vibrant environment.<\/p>\t\t\t\t\t\t\t\t<\/div>\n\t\t\t\t<\/div>\n\t\t\t\t\t<\/div>\n\t\t\t\t<\/div>\n\t\t<div class=\"elementor-element elementor-element-0ea1d89 e-flex e-con-boxed e-con e-parent\" data-id=\"0ea1d89\" data-element_type=\"container\" data-settings=\"{&quot;background_background&quot;:&quot;classic&quot;}\">\n\t\t\t\t\t<div class=\"e-con-inner\">\n\t\t\t\t<div class=\"elementor-element elementor-element-3a88223 elementor-widget__width-initial elementor-widget-mobile__width-inherit elementor-widget elementor-widget-heading\" data-id=\"3a88223\" data-element_type=\"widget\" data-widget_type=\"heading.default\">\n\t\t\t\t\t<h2 class=\"elementor-heading-title elementor-size-default\">Don't just look. <span style=\"color: #FFF\"> Feel it.<\/span><\/h2>\t\t\t\t<\/div>\n\t\t\t\t<div class=\"elementor-element elementor-element-cfbaab3 elementor-widget elementor-widget-gallery\" data-id=\"cfbaab3\" data-element_type=\"widget\" data-settings=\"{&quot;gallery_layout&quot;:&quot;masonry&quot;,&quot;columns_tablet&quot;:3,&quot;columns_mobile&quot;:2,&quot;lazyload&quot;:&quot;yes&quot;,&quot;columns&quot;:4,&quot;gap&quot;:{&quot;unit&quot;:&quot;px&quot;,&quot;size&quot;:10,&quot;sizes&quot;:[]},&quot;gap_tablet&quot;:{&quot;unit&quot;:&quot;px&quot;,&quot;size&quot;:10,&quot;sizes&quot;:[]},&quot;gap_mobile&quot;:{&quot;unit&quot;:&quot;px&quot;,&quot;size&quot;:10,&quot;sizes&quot;:[]},&quot;link_to&quot;:&quot;file&quot;,&quot;overlay_background&quot;:&quot;yes&quot;,&quot;content_hover_animation&quot;:&quot;fade-in&quot;}\" data-widget_type=\"gallery.default\">\n\t\t\t\t\t\t\t<div class=\"elementor-gallery__container\">\n\t\t\t\t\t\t\t<a class=\"e-gallery-item elementor-gallery-item elementor-animated-content\" href=\"https:\/\/niagegarage.es\/wp-content\/uploads\/2025\/09\/DSC_0432.webp\" data-elementor-open-lightbox=\"yes\" data-elementor-lightbox-slideshow=\"cfbaab3\" data-elementor-lightbox-title=\"DSC_0432\" data-e-action-hash=\"#elementor-action%3Aaction%3Dlightbox%26settings%3DeyJpZCI6NjQ2LCJ1cmwiOiJodHRwczpcL1wvbmlhZ2VnYXJhZ2UuZXNcL3dwLWNvbnRlbnRcL3VwbG9hZHNcLzIwMjVcLzA5XC9EU0NfMDQzMi53ZWJwIiwic2xpZGVzaG93IjoiY2ZiYWFiMyJ9\">\n\t\t\t\t\t<div class=\"e-gallery-image elementor-gallery-item__image\" data-thumbnail=\"https:\/\/niagegarage.es\/wp-content\/uploads\/2025\/09\/DSC_0432.webp\" data-width=\"2000\" data-height=\"1333\" aria-label=\"\" role=\"img\" ><\/div>\n\t\t\t\t\t\t\t\t\t\t\t<div class=\"elementor-gallery-item__overlay\"><\/div>\n\t\t\t\t\t\t\t\t\t\t\t\t\t\t<\/a>\n\t\t\t\t\t\t\t<a class=\"e-gallery-item elementor-gallery-item elementor-animated-content\" href=\"https:\/\/niagegarage.es\/wp-content\/uploads\/2025\/08\/PHOTO-2025-08-04-12-31-40.webp\" data-elementor-open-lightbox=\"yes\" data-elementor-lightbox-slideshow=\"cfbaab3\" data-elementor-lightbox-title=\"PHOTO-2025-08-04-12-31-40\" data-e-action-hash=\"#elementor-action%3Aaction%3Dlightbox%26settings%3DeyJpZCI6MjY2LCJ1cmwiOiJodHRwczpcL1wvbmlhZ2VnYXJhZ2UuZXNcL3dwLWNvbnRlbnRcL3VwbG9hZHNcLzIwMjVcLzA4XC9QSE9UTy0yMDI1LTA4LTA0LTEyLTMxLTQwLndlYnAiLCJzbGlkZXNob3ciOiJjZmJhYWIzIn0%3D\">\n\t\t\t\t\t<div class=\"e-gallery-image elementor-gallery-item__image\" data-thumbnail=\"https:\/\/niagegarage.es\/wp-content\/uploads\/2025\/08\/PHOTO-2025-08-04-12-31-40.webp\" data-width=\"1200\" data-height=\"1600\" aria-label=\"\" role=\"img\" ><\/div>\n\t\t\t\t\t\t\t\t\t\t\t<div class=\"elementor-gallery-item__overlay\"><\/div>\n\t\t\t\t\t\t\t\t\t\t\t\t\t\t<\/a>\n\t\t\t\t\t\t\t<a class=\"e-gallery-item elementor-gallery-item elementor-animated-content\" href=\"https:\/\/niagegarage.es\/wp-content\/uploads\/2025\/08\/PHOTO-2025-08-04-12-31-50.webp\" data-elementor-open-lightbox=\"yes\" data-elementor-lightbox-slideshow=\"cfbaab3\" data-elementor-lightbox-title=\"PHOTO-2025-08-04-12-31-50\" data-e-action-hash=\"#elementor-action%3Aaction%3Dlightbox%26settings%3DeyJpZCI6MTg5LCJ1cmwiOiJodHRwczpcL1wvbmlhZ2VnYXJhZ2UuZXNcL3dwLWNvbnRlbnRcL3VwbG9hZHNcLzIwMjVcLzA4XC9QSE9UTy0yMDI1LTA4LTA0LTEyLTMxLTUwLndlYnAiLCJzbGlkZXNob3ciOiJjZmJhYWIzIn0%3D\">\n\t\t\t\t\t<div class=\"e-gallery-image elementor-gallery-item__image\" data-thumbnail=\"https:\/\/niagegarage.es\/wp-content\/uploads\/2025\/08\/PHOTO-2025-08-04-12-31-50.webp\" data-width=\"1200\" data-height=\"1600\" aria-label=\"\" role=\"img\" ><\/div>\n\t\t\t\t\t\t\t\t\t\t\t<div class=\"elementor-gallery-item__overlay\"><\/div>\n\t\t\t\t\t\t\t\t\t\t\t\t\t\t<\/a>\n\t\t\t\t\t\t\t<a class=\"e-gallery-item elementor-gallery-item elementor-animated-content\" href=\"https:\/\/niagegarage.es\/wp-content\/uploads\/2025\/08\/PHOTO-2025-08-04-12-31-44.webp\" data-elementor-open-lightbox=\"yes\" data-elementor-lightbox-slideshow=\"cfbaab3\" data-elementor-lightbox-title=\"PHOTO-2025-08-04-12-31-44\" data-e-action-hash=\"#elementor-action%3Aaction%3Dlightbox%26settings%3DeyJpZCI6MjYyLCJ1cmwiOiJodHRwczpcL1wvbmlhZ2VnYXJhZ2UuZXNcL3dwLWNvbnRlbnRcL3VwbG9hZHNcLzIwMjVcLzA4XC9QSE9UTy0yMDI1LTA4LTA0LTEyLTMxLTQ0LndlYnAiLCJzbGlkZXNob3ciOiJjZmJhYWIzIn0%3D\">\n\t\t\t\t\t<div class=\"e-gallery-image elementor-gallery-item__image\" data-thumbnail=\"https:\/\/niagegarage.es\/wp-content\/uploads\/2025\/08\/PHOTO-2025-08-04-12-31-44.webp\" data-width=\"1200\" data-height=\"1600\" aria-label=\"\" role=\"img\" ><\/div>\n\t\t\t\t\t\t\t\t\t\t\t<div class=\"elementor-gallery-item__overlay\"><\/div>\n\t\t\t\t\t\t\t\t\t\t\t\t\t\t<\/a>\n\t\t\t\t\t\t\t<a class=\"e-gallery-item elementor-gallery-item elementor-animated-content\" href=\"https:\/\/niagegarage.es\/wp-content\/uploads\/2025\/08\/PHOTO-2025-08-04-12-31-51.jpg\" data-elementor-open-lightbox=\"yes\" data-elementor-lightbox-slideshow=\"cfbaab3\" data-elementor-lightbox-title=\"PHOTO-2025-08-04-12-31-51\" data-e-action-hash=\"#elementor-action%3Aaction%3Dlightbox%26settings%3DeyJpZCI6NzAsInVybCI6Imh0dHBzOlwvXC9uaWFnZWdhcmFnZS5lc1wvd3AtY29udGVudFwvdXBsb2Fkc1wvMjAyNVwvMDhcL1BIT1RPLTIwMjUtMDgtMDQtMTItMzEtNTEuanBnIiwic2xpZGVzaG93IjoiY2ZiYWFiMyJ9\">\n\t\t\t\t\t<div class=\"e-gallery-image elementor-gallery-item__image\" data-thumbnail=\"https:\/\/niagegarage.es\/wp-content\/uploads\/2025\/08\/PHOTO-2025-08-04-12-31-51.jpg\" data-width=\"1200\" data-height=\"1600\" aria-label=\"\" role=\"img\" ><\/div>\n\t\t\t\t\t\t\t\t\t\t\t<div class=\"elementor-gallery-item__overlay\"><\/div>\n\t\t\t\t\t\t\t\t\t\t\t\t\t\t<\/a>\n\t\t\t\t\t\t\t<a class=\"e-gallery-item elementor-gallery-item elementor-animated-content\" href=\"https:\/\/niagegarage.es\/wp-content\/uploads\/2025\/08\/PHOTO-2025-08-04-12-31-37.jpg\" data-elementor-open-lightbox=\"yes\" data-elementor-lightbox-slideshow=\"cfbaab3\" data-elementor-lightbox-title=\"PHOTO-2025-08-04-12-31-37\" data-e-action-hash=\"#elementor-action%3Aaction%3Dlightbox%26settings%3DeyJpZCI6NzEsInVybCI6Imh0dHBzOlwvXC9uaWFnZWdhcmFnZS5lc1wvd3AtY29udGVudFwvdXBsb2Fkc1wvMjAyNVwvMDhcL1BIT1RPLTIwMjUtMDgtMDQtMTItMzEtMzcuanBnIiwic2xpZGVzaG93IjoiY2ZiYWFiMyJ9\">\n\t\t\t\t\t<div class=\"e-gallery-image elementor-gallery-item__image\" data-thumbnail=\"https:\/\/niagegarage.es\/wp-content\/uploads\/2025\/08\/PHOTO-2025-08-04-12-31-37.jpg\" data-width=\"1600\" data-height=\"1200\" aria-label=\"\" role=\"img\" ><\/div>\n\t\t\t\t\t\t\t\t\t\t\t<div class=\"elementor-gallery-item__overlay\"><\/div>\n\t\t\t\t\t\t\t\t\t\t\t\t\t\t<\/a>\n\t\t\t\t\t\t\t<a class=\"e-gallery-item elementor-gallery-item elementor-animated-content\" href=\"https:\/\/niagegarage.es\/wp-content\/uploads\/2025\/09\/DSC_0448.webp\" data-elementor-open-lightbox=\"yes\" data-elementor-lightbox-slideshow=\"cfbaab3\" data-elementor-lightbox-title=\"DSC_0448\" data-e-action-hash=\"#elementor-action%3Aaction%3Dlightbox%26settings%3DeyJpZCI6NjM2LCJ1cmwiOiJodHRwczpcL1wvbmlhZ2VnYXJhZ2UuZXNcL3dwLWNvbnRlbnRcL3VwbG9hZHNcLzIwMjVcLzA5XC9EU0NfMDQ0OC53ZWJwIiwic2xpZGVzaG93IjoiY2ZiYWFiMyJ9\">\n\t\t\t\t\t<div class=\"e-gallery-image elementor-gallery-item__image\" data-thumbnail=\"https:\/\/niagegarage.es\/wp-content\/uploads\/2025\/09\/DSC_0448.webp\" data-width=\"2000\" data-height=\"1333\" aria-label=\"\" role=\"img\" ><\/div>\n\t\t\t\t\t\t\t\t\t\t\t<div class=\"elementor-gallery-item__overlay\"><\/div>\n\t\t\t\t\t\t\t\t\t\t\t\t\t\t<\/a>\n\t\t\t\t\t\t\t<a class=\"e-gallery-item elementor-gallery-item elementor-animated-content\" href=\"https:\/\/niagegarage.es\/wp-content\/uploads\/2025\/09\/DSC_0427.webp\" data-elementor-open-lightbox=\"yes\" data-elementor-lightbox-slideshow=\"cfbaab3\" data-elementor-lightbox-title=\"DSC_0427\" data-e-action-hash=\"#elementor-action%3Aaction%3Dlightbox%26settings%3DeyJpZCI6NjM3LCJ1cmwiOiJodHRwczpcL1wvbmlhZ2VnYXJhZ2UuZXNcL3dwLWNvbnRlbnRcL3VwbG9hZHNcLzIwMjVcLzA5XC9EU0NfMDQyNy53ZWJwIiwic2xpZGVzaG93IjoiY2ZiYWFiMyJ9\">\n\t\t\t\t\t<div class=\"e-gallery-image elementor-gallery-item__image\" data-thumbnail=\"https:\/\/niagegarage.es\/wp-content\/uploads\/2025\/09\/DSC_0427.webp\" data-width=\"2000\" data-height=\"1333\" aria-label=\"\" role=\"img\" ><\/div>\n\t\t\t\t\t\t\t\t\t\t\t<div class=\"elementor-gallery-item__overlay\"><\/div>\n\t\t\t\t\t\t\t\t\t\t\t\t\t\t<\/a>\n\t\t\t\t\t\t\t<a class=\"e-gallery-item elementor-gallery-item elementor-animated-content\" href=\"https:\/\/niagegarage.es\/wp-content\/uploads\/2025\/09\/DSC_0445.webp\" data-elementor-open-lightbox=\"yes\" data-elementor-lightbox-slideshow=\"cfbaab3\" data-elementor-lightbox-title=\"DSC_0445\" data-e-action-hash=\"#elementor-action%3Aaction%3Dlightbox%26settings%3DeyJpZCI6NjM4LCJ1cmwiOiJodHRwczpcL1wvbmlhZ2VnYXJhZ2UuZXNcL3dwLWNvbnRlbnRcL3VwbG9hZHNcLzIwMjVcLzA5XC9EU0NfMDQ0NS53ZWJwIiwic2xpZGVzaG93IjoiY2ZiYWFiMyJ9\">\n\t\t\t\t\t<div class=\"e-gallery-image elementor-gallery-item__image\" data-thumbnail=\"https:\/\/niagegarage.es\/wp-content\/uploads\/2025\/09\/DSC_0445.webp\" data-width=\"1333\" data-height=\"2000\" aria-label=\"\" role=\"img\" ><\/div>\n\t\t\t\t\t\t\t\t\t\t\t<div class=\"elementor-gallery-item__overlay\"><\/div>\n\t\t\t\t\t\t\t\t\t\t\t\t\t\t<\/a>\n\t\t\t\t\t\t\t<a class=\"e-gallery-item elementor-gallery-item elementor-animated-content\" href=\"https:\/\/niagegarage.es\/wp-content\/uploads\/2025\/09\/DSC_0426-e1758808114930.webp\" data-elementor-open-lightbox=\"yes\" data-elementor-lightbox-slideshow=\"cfbaab3\" data-elementor-lightbox-title=\"DSC_0426\" data-e-action-hash=\"#elementor-action%3Aaction%3Dlightbox%26settings%3DeyJpZCI6NjYzLCJ1cmwiOiJodHRwczpcL1wvbmlhZ2VnYXJhZ2UuZXNcL3dwLWNvbnRlbnRcL3VwbG9hZHNcLzIwMjVcLzA5XC9EU0NfMDQyNi1lMTc1ODgwODExNDkzMC53ZWJwIiwic2xpZGVzaG93IjoiY2ZiYWFiMyJ9\">\n\t\t\t\t\t<div class=\"e-gallery-image elementor-gallery-item__image\" data-thumbnail=\"https:\/\/niagegarage.es\/wp-content\/uploads\/2025\/09\/DSC_0426-e1758808114930.webp\" data-width=\"2000\" data-height=\"1030\" aria-label=\"\" role=\"img\" ><\/div>\n\t\t\t\t\t\t\t\t\t\t\t<div class=\"elementor-gallery-item__overlay\"><\/div>\n\t\t\t\t\t\t\t\t\t\t\t\t\t\t<\/a>\n\t\t\t\t\t\t\t<a class=\"e-gallery-item elementor-gallery-item elementor-animated-content\" href=\"https:\/\/niagegarage.es\/wp-content\/uploads\/2025\/08\/PHOTO-2025-08-04-12-31-30.webp\" data-elementor-open-lightbox=\"yes\" data-elementor-lightbox-slideshow=\"cfbaab3\" data-elementor-lightbox-title=\"PHOTO-2025-08-04-12-31-30\" data-e-action-hash=\"#elementor-action%3Aaction%3Dlightbox%26settings%3DeyJpZCI6MjY4LCJ1cmwiOiJodHRwczpcL1wvbmlhZ2VnYXJhZ2UuZXNcL3dwLWNvbnRlbnRcL3VwbG9hZHNcLzIwMjVcLzA4XC9QSE9UTy0yMDI1LTA4LTA0LTEyLTMxLTMwLndlYnAiLCJzbGlkZXNob3ciOiJjZmJhYWIzIn0%3D\">\n\t\t\t\t\t<div class=\"e-gallery-image elementor-gallery-item__image\" data-thumbnail=\"https:\/\/niagegarage.es\/wp-content\/uploads\/2025\/08\/PHOTO-2025-08-04-12-31-30.webp\" data-width=\"1200\" data-height=\"1600\" aria-label=\"\" role=\"img\" ><\/div>\n\t\t\t\t\t\t\t\t\t\t\t<div class=\"elementor-gallery-item__overlay\"><\/div>\n\t\t\t\t\t\t\t\t\t\t\t\t\t\t<\/a>\n\t\t\t\t\t\t\t<a class=\"e-gallery-item elementor-gallery-item elementor-animated-content\" href=\"https:\/\/niagegarage.es\/wp-content\/uploads\/2025\/09\/DSC_0417.webp\" data-elementor-open-lightbox=\"yes\" data-elementor-lightbox-slideshow=\"cfbaab3\" data-elementor-lightbox-title=\"DSC_0417\" data-e-action-hash=\"#elementor-action%3Aaction%3Dlightbox%26settings%3DeyJpZCI6NjM0LCJ1cmwiOiJodHRwczpcL1wvbmlhZ2VnYXJhZ2UuZXNcL3dwLWNvbnRlbnRcL3VwbG9hZHNcLzIwMjVcLzA5XC9EU0NfMDQxNy53ZWJwIiwic2xpZGVzaG93IjoiY2ZiYWFiMyJ9\">\n\t\t\t\t\t<div class=\"e-gallery-image elementor-gallery-item__image\" data-thumbnail=\"https:\/\/niagegarage.es\/wp-content\/uploads\/2025\/09\/DSC_0417.webp\" data-width=\"2000\" data-height=\"1333\" aria-label=\"\" role=\"img\" ><\/div>\n\t\t\t\t\t\t\t\t\t\t\t<div class=\"elementor-gallery-item__overlay\"><\/div>\n\t\t\t\t\t\t\t\t\t\t\t\t\t\t<\/a>\n\t\t\t\t\t\t\t<a class=\"e-gallery-item elementor-gallery-item elementor-animated-content\" href=\"https:\/\/niagegarage.es\/wp-content\/uploads\/2025\/09\/WhatsApp-Image-2025-09-24-at-15.36.56-3.webp\" data-elementor-open-lightbox=\"yes\" data-elementor-lightbox-slideshow=\"cfbaab3\" data-elementor-lightbox-title=\"WhatsApp Image 2025-09-24 at 15.36.56-3\" data-e-action-hash=\"#elementor-action%3Aaction%3Dlightbox%26settings%3DeyJpZCI6NjU2LCJ1cmwiOiJodHRwczpcL1wvbmlhZ2VnYXJhZ2UuZXNcL3dwLWNvbnRlbnRcL3VwbG9hZHNcLzIwMjVcLzA5XC9XaGF0c0FwcC1JbWFnZS0yMDI1LTA5LTI0LWF0LTE1LjM2LjU2LTMud2VicCIsInNsaWRlc2hvdyI6ImNmYmFhYjMifQ%3D%3D\">\n\t\t\t\t\t<div class=\"e-gallery-image elementor-gallery-item__image\" data-thumbnail=\"https:\/\/niagegarage.es\/wp-content\/uploads\/2025\/09\/WhatsApp-Image-2025-09-24-at-15.36.56-3.webp\" data-width=\"750\" data-height=\"1000\" aria-label=\"\" role=\"img\" ><\/div>\n\t\t\t\t\t\t\t\t\t\t\t<div class=\"elementor-gallery-item__overlay\"><\/div>\n\t\t\t\t\t\t\t\t\t\t\t\t\t\t<\/a>\n\t\t\t\t\t\t\t<a class=\"e-gallery-item elementor-gallery-item elementor-animated-content\" href=\"https:\/\/niagegarage.es\/wp-content\/uploads\/2025\/09\/DSC_0439.webp\" data-elementor-open-lightbox=\"yes\" data-elementor-lightbox-slideshow=\"cfbaab3\" data-elementor-lightbox-title=\"DSC_0439\" data-e-action-hash=\"#elementor-action%3Aaction%3Dlightbox%26settings%3DeyJpZCI6NjQ3LCJ1cmwiOiJodHRwczpcL1wvbmlhZ2VnYXJhZ2UuZXNcL3dwLWNvbnRlbnRcL3VwbG9hZHNcLzIwMjVcLzA5XC9EU0NfMDQzOS53ZWJwIiwic2xpZGVzaG93IjoiY2ZiYWFiMyJ9\">\n\t\t\t\t\t<div class=\"e-gallery-image elementor-gallery-item__image\" data-thumbnail=\"https:\/\/niagegarage.es\/wp-content\/uploads\/2025\/09\/DSC_0439.webp\" data-width=\"2000\" data-height=\"1333\" aria-label=\"\" role=\"img\" ><\/div>\n\t\t\t\t\t\t\t\t\t\t\t<div class=\"elementor-gallery-item__overlay\"><\/div>\n\t\t\t\t\t\t\t\t\t\t\t\t\t\t<\/a>\n\t\t\t\t\t<\/div>\n\t\t\t\t\t<\/div>\n\t\t\t\t<div class=\"elementor-element elementor-element-c75dbcb elementor-align-center elementor-widget elementor-widget-button\" data-id=\"c75dbcb\" data-element_type=\"widget\" data-widget_type=\"button.default\">\n\t\t\t\t\t\t\t\t\t\t<a class=\"elementor-button elementor-button-link elementor-size-sm\" href=\"https:\/\/niagegarage.es\/en\/garage-passes\/\">\n\t\t\t\t\t\t<span class=\"elementor-button-content-wrapper\">\n\t\t\t\t\t\t\t\t\t<span class=\"elementor-button-text\">Enter the Garage<\/span>\n\t\t\t\t\t<\/span>\n\t\t\t\t\t<\/a>\n\t\t\t\t\t\t\t\t<\/div>\n\t\t\t\t\t<\/div>\n\t\t\t\t<\/div>\n\t\t<div class=\"elementor-element elementor-element-ba5f150 e-flex e-con-boxed e-con e-parent\" data-id=\"ba5f150\" data-element_type=\"container\" data-settings=\"{&quot;background_background&quot;:&quot;classic&quot;}\">\n\t\t\t\t\t<div class=\"e-con-inner\">\n\t\t<div class=\"elementor-element elementor-element-63e73d1 e-con-full e-flex e-con e-child\" data-id=\"63e73d1\" data-element_type=\"container\">\n\t\t\t\t<div class=\"elementor-element elementor-element-6aa8636 elementor-widget__width-inherit elementor-widget elementor-widget-heading\" data-id=\"6aa8636\" data-element_type=\"widget\" data-widget_type=\"heading.default\">\n\t\t\t\t\t<p class=\"elementor-heading-title elementor-size-default\">Let's talk.<\/p>\t\t\t\t<\/div>\n\t\t\t\t<div class=\"elementor-element elementor-element-b85ec36 elementor-widget elementor-widget-heading\" data-id=\"b85ec36\" data-element_type=\"widget\" data-widget_type=\"heading.default\">\n\t\t\t\t\t<h3 class=\"elementor-heading-title elementor-size-default\">At Niage Garage we believe that the best connections start with a good conversation.<\/h3>\t\t\t\t<\/div>\n\t\t\t\t<div class=\"elementor-element elementor-element-a203edc elementor-widget elementor-widget-heading\" data-id=\"a203edc\" data-element_type=\"widget\" data-widget_type=\"heading.default\">\n\t\t\t\t\t<h3 class=\"elementor-heading-title elementor-size-default\">If you want to get to know the space, join the community or simply share an idea, we are just a message away.<\/h3>\t\t\t\t<\/div>\n\t\t\t\t<div class=\"elementor-element elementor-element-b2b4eff elementor-align-center elementor-widget elementor-widget-button\" data-id=\"b2b4eff\" data-element_type=\"widget\" data-widget_type=\"button.default\">\n\t\t\t\t\t\t\t\t\t\t<a class=\"elementor-button elementor-button-link elementor-size-sm\" href=\"https:\/\/niagegarage.es\/en\/contact\/\">\n\t\t\t\t\t\t<span class=\"elementor-button-content-wrapper\">\n\t\t\t\t\t\t\t\t\t<span class=\"elementor-button-text\">Contact us at<\/span>\n\t\t\t\t\t<\/span>\n\t\t\t\t\t<\/a>\n\t\t\t\t\t\t\t\t<\/div>\n\t\t\t\t<\/div>\n\t\t<div class=\"elementor-element elementor-element-c1e049a e-con-full e-flex e-con e-child\" data-id=\"c1e049a\" data-element_type=\"container\">\n\t\t<div class=\"elementor-element elementor-element-f9d0a31 e-con-full tilt-card e-flex e-con e-child\" data-id=\"f9d0a31\" data-element_type=\"container\" data-settings=\"{&quot;background_background&quot;:&quot;classic&quot;}\">\n\t\t\t\t<div class=\"elementor-element elementor-element-efa6f9a elementor-button-align-stretch elementor-widget elementor-widget-global elementor-global-202 elementor-widget-form\" data-id=\"efa6f9a\" data-element_type=\"widget\" data-settings=\"{&quot;step_next_label&quot;:&quot;Next&quot;,&quot;step_previous_label&quot;:&quot;Previous&quot;,&quot;button_width&quot;:&quot;100&quot;,&quot;step_type&quot;:&quot;number_text&quot;,&quot;step_icon_shape&quot;:&quot;circle&quot;}\" data-widget_type=\"form.default\">\n\t\t\t\t\t\t\t<form class=\"elementor-form\" method=\"post\" name=\"New Form\" aria-label=\"New Form\" action=\"\">\n\t\t\t<input type=\"hidden\" name=\"post_id\" value=\"53\"\/>\n\t\t\t<input type=\"hidden\" name=\"form_id\" value=\"efa6f9a\"\/>\n\t\t\t<input type=\"hidden\" name=\"referer_title\" value=\"\" \/>\n\n\t\t\t\n\t\t\t<div class=\"elementor-form-fields-wrapper elementor-labels-\">\n\t\t\t\t\t\t\t\t<div class=\"elementor-field-type-text elementor-field-group elementor-column elementor-field-group-name elementor-col-100 elementor-field-required\">\n\t\t\t\t\t\t\t\t\t\t\t\t<label for=\"form-field-name\" class=\"elementor-field-label elementor-screen-only\">\n\t\t\t\t\t\t\t\tName\t\t\t\t\t\t\t<\/label>\n\t\t\t\t\t\t\t\t\t\t\t\t\t\t<input size=\"1\" type=\"text\" name=\"form_fields[name]\" id=\"form-field-name\" class=\"elementor-field elementor-size-sm  elementor-field-textual\" placeholder=\"Name\" required=\"required\">\n\t\t\t\t\t\t\t\t\t\t\t<\/div>\n\t\t\t\t\t\t\t\t<div class=\"elementor-field-type-email elementor-field-group elementor-column elementor-field-group-email elementor-col-100 elementor-field-required\">\n\t\t\t\t\t\t\t\t\t\t\t\t<label for=\"form-field-email\" class=\"elementor-field-label elementor-screen-only\">\n\t\t\t\t\t\t\t\tEmail\t\t\t\t\t\t\t<\/label>\n\t\t\t\t\t\t\t\t\t\t\t\t\t\t<input size=\"1\" type=\"email\" name=\"form_fields[email]\" id=\"form-field-email\" class=\"elementor-field elementor-size-sm  elementor-field-textual\" placeholder=\"Email\" required=\"required\">\n\t\t\t\t\t\t\t\t\t\t\t<\/div>\n\t\t\t\t\t\t\t\t<div class=\"elementor-field-type-textarea elementor-field-group elementor-column elementor-field-group-message elementor-col-100 elementor-field-required\">\n\t\t\t\t\t\t\t\t\t\t\t\t<label for=\"form-field-message\" class=\"elementor-field-label elementor-screen-only\">\n\t\t\t\t\t\t\t\tMessage\t\t\t\t\t\t\t<\/label>\n\t\t\t\t\t\t<textarea class=\"elementor-field-textual elementor-field  elementor-size-sm\" name=\"form_fields[message]\" id=\"form-field-message\" rows=\"4\" placeholder=\"Message\" required=\"required\"><\/textarea>\t\t\t\t<\/div>\n\t\t\t\t\t\t\t\t<div class=\"elementor-field-type-acceptance elementor-field-group elementor-column elementor-field-group-field_5deecb2 elementor-col-100 elementor-field-required\">\n\t\t\t\t\t\t\t<div class=\"elementor-field-subgroup\">\n\t\t\t<span class=\"elementor-field-option\">\n\t\t\t\t<input type=\"checkbox\" name=\"form_fields[field_5deecb2]\" id=\"form-field-field_5deecb2\" class=\"elementor-field elementor-size-sm  elementor-acceptance-field\" required=\"required\">\n\t\t\t\t<label for=\"form-field-field_5deecb2\">I have read and accept the <a style=\"color:inherit\" href=\"\/en\/privacy-policy\/\" target=\"_blank\">Privacy Policy<\/a><\/label>\t\t\t<\/span>\n\t\t<\/div>\n\t\t\t\t\t\t<\/div>\n\t\t\t\t\t\t\t\t<div class=\"elementor-field-type-recaptcha_v3 elementor-field-group elementor-column elementor-field-group-field_9c175f1 elementor-col-100 recaptcha_v3-inline\">\n\t\t\t\t\t<div class=\"elementor-field\" id=\"form-field-field_9c175f1\"><div class=\"elementor-g-recaptcha\" data-sitekey=\"6Lee3uArAAAAAFvkSk_dEkJ6Z-_qJNbSLXeDvDv-\" data-type=\"v3\" data-action=\"Form\" data-badge=\"inline\" data-size=\"invisible\"><\/div><\/div>\t\t\t\t<\/div>\n\t\t\t\t\t\t\t\t<div class=\"elementor-field-group elementor-column elementor-field-type-submit elementor-col-100 e-form__buttons\">\n\t\t\t\t\t<button class=\"elementor-button elementor-size-sm\" type=\"submit\">\n\t\t\t\t\t\t<span class=\"elementor-button-content-wrapper\">\n\t\t\t\t\t\t\t\t\t\t\t\t\t\t\t\t\t\t\t\t\t\t<span class=\"elementor-button-text\">SEND<\/span>\n\t\t\t\t\t\t\t\t\t\t\t\t\t<\/span>\n\t\t\t\t\t<\/button>\n\t\t\t\t<\/div>\n\t\t\t<\/div>\n\t\t<input type=\"hidden\" name=\"trp-form-language\" value=\"en\"\/><\/form>\n\t\t\t\t\t\t<\/div>\n\t\t\t\t<\/div>\n\t\t\t\t<\/div>\n\t\t\t\t\t<\/div>\n\t\t\t\t<\/div>\n\t\t\t\t<\/div>","protected":false},"excerpt":{"rendered":"<p>This is not a story. It\u2019s a manifesto. En pleno coraz\u00f3n de M\u00e1laga, Niage Garage es mucho m\u00e1s que un espacio de trabajo: es un ecosistema vivo donde la innovaci\u00f3n, la creatividad y la tecnolog\u00eda se conectan para impulsar nuevas formas de pensar, crear y colaborar. Impulsado por Niage, nace como un espacio h\u00edbrido y [&hellip;]<\/p>","protected":false},"author":1,"featured_media":0,"parent":0,"menu_order":0,"comment_status":"closed","ping_status":"closed","template":"","meta":{"footnotes":""},"class_list":["post-53","page","type-page","status-publish","hentry"],"_links":{"self":[{"href":"https:\/\/niagegarage.es\/en\/wp-json\/wp\/v2\/pages\/53","targetHints":{"allow":["GET"]}}],"collection":[{"href":"https:\/\/niagegarage.es\/en\/wp-json\/wp\/v2\/pages"}],"about":[{"href":"https:\/\/niagegarage.es\/en\/wp-json\/wp\/v2\/types\/page"}],"author":[{"embeddable":true,"href":"https:\/\/niagegarage.es\/en\/wp-json\/wp\/v2\/users\/1"}],"replies":[{"embeddable":true,"href":"https:\/\/niagegarage.es\/en\/wp-json\/wp\/v2\/comments?post=53"}],"version-history":[{"count":52,"href":"https:\/\/niagegarage.es\/en\/wp-json\/wp\/v2\/pages\/53\/revisions"}],"predecessor-version":[{"id":669,"href":"https:\/\/niagegarage.es\/en\/wp-json\/wp\/v2\/pages\/53\/revisions\/669"}],"wp:attachment":[{"href":"https:\/\/niagegarage.es\/en\/wp-json\/wp\/v2\/media?parent=53"}],"curies":[{"name":"wp","href":"https:\/\/api.w.org\/{rel}","templated":true}]}}